{"id":673,"date":"2026-05-12T15:09:48","date_gmt":"2026-05-12T13:09:48","guid":{"rendered":"https:\/\/www.horschamp-animation.com\/?page_id=673"},"modified":"2026-05-12T15:18:54","modified_gmt":"2026-05-12T13:18:54","slug":"temoignages","status":"publish","type":"page","link":"https:\/\/www.horschamp-animation.com\/index.php\/temoignages\/","title":{"rendered":"T\u00e9moignages"},"content":{"rendered":"\n<h4 class=\"wp-block-heading\">Partenaires<\/h4>\n\n\n\n<blockquote class=\"wp-block-quote is-layout-flow wp-block-quote-is-layout-flow\">\n<p>Quel plaisir de participer \u00e0 cet atelier avec Samuel. Lorsque nous voyons ce genre de film, on ne se doute pas du travail fourni. Merci \u00e0 Samuel pour la transmission, pour sa patience et sa sympathie. On a pass\u00e9 un super moment ! Merci !<\/p>\n\n\n\n<p>Biblioth\u00e8que de Milli\u00e8res<\/p>\n<\/blockquote>\n\n\n\n<blockquote class=\"wp-block-quote is-layout-flow wp-block-quote-is-layout-flow\">\n<p>Les enfants ont tout cr\u00e9e du d\u00e9but \u00e0 la fin. Leurs propositions ont \u00e9t\u00e9 prises en compte.&nbsp;<\/p>\n\n\n\n<p>Tr\u00e8s bonne adaptation des intervenants, et r\u00e9ussite pour mobiliser les jeunes, quel que soit leur \u00e2ge (mobilisation et accroche faites tant avec des enfants de 4 ans que de 15 ans)<\/p>\n\n\n\n<p>L&rsquo;appr\u00e9ciation est tr\u00e8s positive. Projet complet qui s&rsquo;est tr\u00e8s bien d\u00e9roul\u00e9.  Enfants tr\u00e8s contents et fiers de montrer leur travail et de le voir valoris\u00e9.<\/p>\n\n\n\n<p>Association Itin\u00e9rances<\/p>\n<\/blockquote>\n\n\n\n<blockquote class=\"wp-block-quote is-layout-flow wp-block-quote-is-layout-flow\">\n<p>Plusieurs films ont \u00e9t\u00e9 r\u00e9alis\u00e9 dans les classes sous diff\u00e9rentes formes: papier, terre (3D), Play mobile&#8230; avec appareil photo ou tablette.  Soir\u00e9e cin\u00e9ma un vendredi soir pour les familles. sur grand \u00e9cran.<br>Chacun a r\u00e9alis\u00e9 la somme de travail abattu. Les \u00e9l\u00e8ves et les ma\u00eetresses \u00e9taient fiers du travail, les parents tr\u00e8s contents!<br>Merci \u00e0 Samuel pour son intervention et ses conseils.\u00a0\u00bb<\/p>\n\n\n\n<p>\u00c9cole \u00e9l\u00e9mentaire de Saint Carreuc<\/p>\n<\/blockquote>\n\n\n\n<blockquote class=\"wp-block-quote is-layout-flow wp-block-quote-is-layout-flow\">\n<p>D\u00e9couverte d&rsquo;une technique des plus chouettes, merci ! Quand une vache normande prend vie dans le d\u00e9sert, il fallait le faire ! Merci de ce partage !<\/p>\n\n\n\n<p>M\u00e9diath\u00e8que de Lessay<\/p>\n<\/blockquote>\n\n\n\n<h4 class=\"wp-block-heading\">Et les participant(e)s<\/h4>\n\n\n\n<blockquote class=\"wp-block-quote is-layout-flow wp-block-quote-is-layout-flow\">\n<p>\u00ab\u00a0C&rsquo;est bien trop sympas ! \ud83d\ude42 \u00ab\u00a0<\/p>\n\n\n\n<p>Ruben<\/p>\n\n\n\n<p><\/p>\n\n\n\n<p>\u00ab\u00a0Quelle joie pour nos deux filles de participer \u00e0 cet atelier ! Une belle licorne et un clown. Une \u00e9quipe patiente et sympathique. Un grand merci. Le rendu \u00ab\u00a0comme au cin\u00e9ma\u00a0\u00bb a ravi petits et grands !<br>Bravo ! \ud83d\ude42<br>Bonne continuation ! \u00c0 refaire ! \u00ab\u00a0<\/p>\n\n\n\n<p>Adeline, Charlotte et leurs parents<\/p>\n\n\n\n<p><\/p>\n\n\n\n<p>\u00ab\u00a0J&rsquo;ai ador\u00e9 partisiper et le r\u00e9sultat du filme. Merci bauecoup !\u00a0\u00bb<\/p>\n\n\n\n<p>Pablo<\/p>\n\n\n\n<p>\u00ab\u00a0Merci pour cette belle animation ! \u00ab\u00a0<\/p>\n\n\n\n<p>Liz et Zo\u00e9<\/p>\n\n\n\n<p>\u00ab\u00a0C&rsquo;\u00e9tait g\u00e9nial ! L&rsquo;animation finale avec tous les personnages et la musique \u00e9tait super bien fait ! J&rsquo;ai ador\u00e9 ! Merci pour cet animation.\u00a0\u00bb<\/p>\n\n\n\n<p>Ambroise<\/p>\n<\/blockquote>\n","protected":false},"excerpt":{"rendered":"<p>Partenaires Quel plaisir de participer \u00e0 cet atelier avec Samuel. Lorsque nous voyons ce genre de film, on ne se doute pas du travail fourni. Merci \u00e0 Samuel pour la transmission, pour sa patience et sa sympathie. On a pass\u00e9 un super moment ! Merci ! Biblioth\u00e8que de Milli\u00e8res Les enfants ont tout cr\u00e9e du [&hellip;]<\/p>\n","protected":false},"author":3,"featured_media":0,"parent":0,"menu_order":0,"comment_status":"closed","ping_status":"closed","template":"","meta":{"footnotes":""},"class_list":["post-673","page","type-page","status-publish","hentry"],"_links":{"self":[{"href":"https:\/\/www.horschamp-animation.com\/index.php\/wp-json\/wp\/v2\/pages\/673","targetHints":{"allow":["GET"]}}],"collection":[{"href":"https:\/\/www.horschamp-animation.com\/index.php\/wp-json\/wp\/v2\/pages"}],"about":[{"href":"https:\/\/www.horschamp-animation.com\/index.php\/wp-json\/wp\/v2\/types\/page"}],"author":[{"embeddable":true,"href":"https:\/\/www.horschamp-animation.com\/index.php\/wp-json\/wp\/v2\/users\/3"}],"replies":[{"embeddable":true,"href":"https:\/\/www.horschamp-animation.com\/index.php\/wp-json\/wp\/v2\/comments?post=673"}],"version-history":[{"count":4,"href":"https:\/\/www.horschamp-animation.com\/index.php\/wp-json\/wp\/v2\/pages\/673\/revisions"}],"predecessor-version":[{"id":680,"href":"https:\/\/www.horschamp-animation.com\/index.php\/wp-json\/wp\/v2\/pages\/673\/revisions\/680"}],"wp:attachment":[{"href":"https:\/\/www.horschamp-animation.com\/index.php\/wp-json\/wp\/v2\/media?parent=673"}],"curies":[{"name":"wp","href":"https:\/\/api.w.org\/{rel}","templated":true}]}}