{"id":656,"date":"2026-05-08T14:54:46","date_gmt":"2026-05-08T12:54:46","guid":{"rendered":"https:\/\/www.horschamp-animation.com\/?page_id=656"},"modified":"2026-05-08T15:09:49","modified_gmt":"2026-05-08T13:09:49","slug":"dans-la-presse","status":"publish","type":"page","link":"https:\/\/www.horschamp-animation.com\/index.php\/dans-la-presse\/","title":{"rendered":"Dans la presse"},"content":{"rendered":"\n<blockquote class=\"wp-block-quote is-layout-flow wp-block-quote-is-layout-flow\">\n<p>Les articles suivants se rapportent \u00e0 des projets et ateliers de cin\u00e9ma d&rsquo;animation en stop motion coordonn\u00e9s par Samuel Jarry<\/p>\n<\/blockquote>\n\n\n\n<p><strong>A propos du projet avec le Coll\u00e8ge Beaumanoir de Plo\u00ebrmel<\/strong><\/p>\n\n\n\n<ul class=\"wp-block-list\">\n<li><a href=\"https:\/\/www.ouest-france.fr\/bretagne\/ploermel-56800\/ploermel-les-collegiens-ont-realise-un-film-danimation-de-a-a-z-une-experience-geniale-6015c51e-0ac0-11ee-8e64-75fa9f3906ed\">https:\/\/www.ouest-france.fr\/bretagne\/ploermel-56800\/ploermel-les-collegiens-ont-realise-un-film-danimation-de-a-a-z-une-experience-geniale-6015c51e-0ac0-11ee-8e64-75fa9f3906ed<\/a><\/li>\n<\/ul>\n\n\n\n<figure class=\"wp-block-embed is-type-wp-embed is-provider-la-web-tv-des-infos-du-pays-gallo wp-block-embed-la-web-tv-des-infos-du-pays-gallo\"><div class=\"wp-block-embed__wrapper\">\n<blockquote class=\"wp-embedded-content\" data-secret=\"DExnh61ZQ8\"><a href=\"https:\/\/videos.lesinfosdupaysgallo.com\/2023\/06\/16\/ploermel-dans-les-coulisses-du-tournage-du-film-danimation-des-4e-de-beaumanoir\/\">Plo\u00ebrmel. Dans les coulisses du tournage du film d&rsquo;animation des 4\u00e8 de Beaumanoir<\/a><\/blockquote><iframe loading=\"lazy\" class=\"wp-embedded-content\" sandbox=\"allow-scripts\" security=\"restricted\" style=\"position: absolute; visibility: hidden;\" title=\"\u00ab\u00a0Plo\u00ebrmel. Dans les coulisses du tournage du film d&rsquo;animation des 4\u00e8 de Beaumanoir\u00a0\u00bb &#8212; La Web TV des Infos du Pays Gallo\" src=\"https:\/\/videos.lesinfosdupaysgallo.com\/2023\/06\/16\/ploermel-dans-les-coulisses-du-tournage-du-film-danimation-des-4e-de-beaumanoir\/embed\/#?secret=98pSyYqBIO#?secret=DExnh61ZQ8\" data-secret=\"DExnh61ZQ8\" width=\"600\" height=\"338\" frameborder=\"0\" marginwidth=\"0\" marginheight=\"0\" scrolling=\"no\"><\/iframe>\n<\/div><\/figure>\n\n\n\n<p><strong>Atelier et f\u00eate du court m\u00e9trage \u00e0 Brusvily<\/strong><\/p>\n\n\n\n<ul class=\"wp-block-list\">\n<li><a href=\"https:\/\/www.letelegramme.fr\/cotes-d-armor\/brusvily-22100\/brusvily-carton-plein-pour-l-atelier-de-creation-de-films-d-animation-projection-dimanche-218969.php\">https:\/\/www.letelegramme.fr\/cotes-d-armor\/brusvily-22100\/brusvily-carton-plein-pour-l-atelier-de-creation-de-films-d-animation-projection-dimanche-218969.php<\/a><\/li>\n\n\n\n<li><a href=\"https:\/\/www.ouest-france.fr\/bretagne\/brusvily-22100\/enfants-et-adultes-celebrent-la-fete-du-court-metrage-d1f23b1d-4abf-46e6-aa28-3595169f4169\">https:\/\/www.ouest-france.fr\/bretagne\/brusvily-22100\/enfants-et-adultes-celebrent-la-fete-du-court-metrage-d1f23b1d-4abf-46e6-aa28-3595169f4169<\/a><\/li>\n\n\n\n<li><a href=\"https:\/\/www.letelegramme.fr\/cotes-d-armor\/brusvily-22100\/a-brusvily-une-cinquantaine-de-personnes-pour-le-festival-du-court-metrage-223509.php\">https:\/\/www.letelegramme.fr\/cotes-d-armor\/brusvily-22100\/a-brusvily-une-cinquantaine-de-personnes-pour-le-festival-du-court-metrage-223509.php<\/a><\/li>\n<\/ul>\n\n\n\n<p><strong>A propos du film avec Itin\u00e9rance et les enfants des voyageurs<\/strong><\/p>\n\n\n\n<ul class=\"wp-block-list\">\n<li><a href=\"https:\/\/www.ouest-france.fr\/bretagne\/saint-brieuc-22000\/les-enfants-du-voyage-creent-un-film-d-animation-5612942\">https:\/\/www.ouest-france.fr\/bretagne\/saint-brieuc-22000\/les-enfants-du-voyage-creent-un-film-d-animation-5612942<\/a><\/li>\n<\/ul>\n\n\n\n<p><strong>A propos du film avec l&rsquo;\u00e9cole des Tilleuls \u00e0 Pluzunet<\/strong><\/p>\n\n\n\n<ul class=\"wp-block-list\">\n<li><a href=\"https:\/\/www.letelegramme.fr\/cotes-d-armor\/pluzunet-22140\/spanfilm-danimationspan-sequence-cinema-a-lecole-3203987.php\">https:\/\/www.letelegramme.fr\/cotes-d-armor\/pluzunet-22140\/spanfilm-danimationspan-sequence-cinema-a-lecole-3203987.php<\/a><\/li>\n\n\n\n<li><a href=\"https:\/\/www.ouest-france.fr\/bretagne\/pluzunet-22140\/les-eleves-rassembles-autour-du-film-d-animation-5577073\">https:\/\/www.ouest-france.fr\/bretagne\/pluzunet-22140\/les-eleves-rassembles-autour-du-film-d-animation-5577073<\/a><\/li>\n\n\n\n<li><a href=\"https:\/\/www.letelegramme.fr\/cotes-d-armor\/pluzunet-22140\/spanfete-de-lecolespan-le-film-des-eleves-le-26-mai-3264557.php\">https:\/\/www.letelegramme.fr\/cotes-d-armor\/pluzunet-22140\/spanfete-de-lecolespan-le-film-des-eleves-le-26-mai-3264557.php<\/a><\/li>\n\n\n\n<li><a href=\"https:\/\/www.letelegramme.fr\/cotes-d-armor\/pluzunet-22140\/span-classamorce-fete-de-lecolespan-les-eleves-font-leur-cinema-3275100.php\">https:\/\/www.letelegramme.fr\/cotes-d-armor\/pluzunet-22140\/span-classamorce-fete-de-lecolespan-les-eleves-font-leur-cinema-3275100.php<\/a><\/li>\n\n\n\n<li><a href=\"https:\/\/www.letelegramme.fr\/cotes-d-armor\/pluzunet-22140\/span-classamorce-strongfilm-danimationspan-douze-minutes-de-bons-sentimentsstrong-3278926.php\">https:\/\/www.letelegramme.fr\/cotes-d-armor\/pluzunet-22140\/span-classamorce-strongfilm-danimationspan-douze-minutes-de-bons-sentimentsstrong-3278926.php<\/a><\/li>\n<\/ul>\n\n\n\n<p><strong>A propos du projet avec l&rsquo;\u00e9cole des Fontaines \u00e0 Dinan<\/strong><\/p>\n\n\n\n<ul class=\"wp-block-list\">\n<li><a href=\"https:\/\/www.letelegramme.fr\/cotes-d-armor\/dinan-22100\/spanfontainesspan-un-projet-qui-anime-toute-lecole-3207421.php\">https:\/\/www.letelegramme.fr\/cotes-d-armor\/dinan-22100\/spanfontainesspan-un-projet-qui-anime-toute-lecole-3207421.php<\/a><\/li>\n\n\n\n<li><a href=\"https:\/\/www.ouest-france.fr\/bretagne\/dinan-22100\/dinan-l-ecole-des-fontaines-fait-son-cinema-5584450\">https:\/\/www.ouest-france.fr\/bretagne\/dinan-22100\/dinan-l-ecole-des-fontaines-fait-son-cinema-5584450<\/a><\/li>\n<\/ul>\n\n\n\n<p><strong>A propos du projet avec l&rsquo;\u00e9cole de Louargat<\/strong><\/p>\n\n\n\n<ul class=\"wp-block-list\">\n<li><a href=\"https:\/\/www.letelegramme.fr\/cotes-d-armor\/louargat-22540\/spansalon-du-livrespan-les-ecoliers-participent-a-un-film-2971848.php\">https:\/\/www.letelegramme.fr\/cotes-d-armor\/louargat-22540\/spansalon-du-livrespan-les-ecoliers-participent-a-un-film-2971848.php<\/a><\/li>\n<\/ul>\n\n\n\n<p><strong>A propos du projet avec l&rsquo;\u00e9cole primaire d&rsquo;H\u00e9nansal et l&rsquo;\u00e9cole de musique de Lamballe<\/strong><\/p>\n\n\n\n<ul class=\"wp-block-list\">\n<li><a href=\"https:\/\/www.ouest-france.fr\/bretagne\/lamballe-armor-22400\/ils-creent-musique-et-bruitages-d-un-film-4965642\">https:\/\/www.ouest-france.fr\/bretagne\/lamballe-armor-22400\/ils-creent-musique-et-bruitages-d-un-film-4965642<\/a><\/li>\n<\/ul>\n\n\n\n<p><strong>A propos du projet avec l&rsquo;Ecole de la Ruche, \u00e0 Dinan<\/strong><\/p>\n\n\n\n<ul class=\"wp-block-list\">\n<li><a href=\"https:\/\/www.ouest-france.fr\/bretagne\/dinan-22100\/les-eleves-de-la-ruche-font-leur-cinema-4211328\">https:\/\/www.ouest-france.fr\/bretagne\/dinan-22100\/les-eleves-de-la-ruche-font-leur-cinema-4211328<\/a><\/li>\n<\/ul>\n\n\n\n<p><strong>Atelier \u00e0 la M\u00e9diath\u00e8que de Pl\u00e9rin<\/strong><\/p>\n\n\n\n<ul class=\"wp-block-list\">\n<li><a href=\"https:\/\/www.ouest-france.fr\/bretagne\/plerin-22190\/les-enfants-creent-des-films-danimation-au-cap-4155671\">https:\/\/www.ouest-france.fr\/bretagne\/plerin-22190\/les-enfants-creent-des-films-danimation-au-cap-4155671<\/a><\/li>\n<\/ul>\n\n\n\n<p><strong>Atelier \u00e0 la m\u00e9diath\u00e8que d&rsquo;Yffiniac<\/strong><\/p>\n\n\n\n<ul class=\"wp-block-list\">\n<li><a href=\"https:\/\/www.letelegramme.fr\/cotes-d-armor\/yffiniac-22120\/spanmediathequespan-un-film-avec-samuel-jarry-2700728.php\">https:\/\/www.letelegramme.fr\/cotes-d-armor\/yffiniac-22120\/spanmediathequespan-un-film-avec-samuel-jarry-2700728.php<\/a><\/li>\n\n\n\n<li><a href=\"https:\/\/www.letelegramme.fr\/cotes-d-armor\/yffiniac-22120\/spanmediathequespan-des-films-danimations-projetes-2707505.php\">https:\/\/www.letelegramme.fr\/cotes-d-armor\/yffiniac-22120\/spanmediathequespan-des-films-danimations-projetes-2707505.php<\/a><\/li>\n\n\n\n<li><a href=\"https:\/\/www.letelegramme.fr\/cotes-d-armor\/yffiniac-22120\/spanmediathequespan-court-metrage-avec-s-jarry-2690091.php\">https:\/\/www.letelegramme.fr\/cotes-d-armor\/yffiniac-22120\/spanmediathequespan-court-metrage-avec-s-jarry-2690091.php<\/a><\/li>\n<\/ul>\n\n\n\n<p><strong>Atelier avec la M\u00e9diath\u00e8que de Dinan<\/strong><\/p>\n\n\n\n<ul class=\"wp-block-list\">\n<li><a href=\"https:\/\/www.letelegramme.fr\/cotes-d-armor\/dinan-22100\/spanbibliothequespan-ils-ne-regarderont-plus-les-dessins-animes-comme-avant-2564003.php\">https:\/\/www.letelegramme.fr\/cotes-d-armor\/dinan-22100\/spanbibliothequespan-ils-ne-regarderont-plus-les-dessins-animes-comme-avant-2564003.php<\/a><\/li>\n<\/ul>\n\n\n\n<p><strong>A propos du projet commun entre Karikal (Inde su Sud) et Saint Th\u00e9lo (C\u00f4tes d&rsquo;Armor). <\/strong><\/p>\n\n\n\n<ul class=\"wp-block-list\">\n<li><a href=\"https:\/\/www.letelegramme.fr\/bretagne\/portraits\/dessin-anime-de-saint-thelo-a-pondichery-9860.php\">https:\/\/www.letelegramme.fr\/bretagne\/portraits\/dessin-anime-de-saint-thelo-a-pondichery-9860.php<\/a><\/li>\n\n\n\n<li><a href=\"https:\/\/www.ouest-france.fr\/bretagne\/loudeac-22600\/les-ecoliers-preparent-un-dessin-anime-franco-indien-1624521\">https:\/\/www.ouest-france.fr\/bretagne\/loudeac-22600\/les-ecoliers-preparent-un-dessin-anime-franco-indien-1624521<\/a><\/li>\n\n\n\n<li><a href=\"https:\/\/www.ouest-france.fr\/bretagne\/un-dessin-anime-franco-indien-sur-les-rails-1465531\">https:\/\/www.ouest-france.fr\/bretagne\/un-dessin-anime-franco-indien-sur-les-rails-1465531<\/a><\/li>\n\n\n\n<li><a href=\"https:\/\/www.ouest-france.fr\/bretagne\/loudeac-22600\/des-ecoliers-de-saint-thelo-et-de-karikal-en-inde-creent-un-film-danimation-228210\">https:\/\/www.ouest-france.fr\/bretagne\/loudeac-22600\/des-ecoliers-de-saint-thelo-et-de-karikal-en-inde-creent-un-film-danimation-228210<\/a><\/li>\n\n\n\n<li><a href=\"https:\/\/www.ouest-france.fr\/bretagne\/saint-thelo-22460\/les-ecoliers-creent-les-decors-de-leur-film-franco-indien-1946398\">https:\/\/www.ouest-france.fr\/bretagne\/saint-thelo-22460\/les-ecoliers-creent-les-decors-de-leur-film-franco-indien-1946398<\/a><\/li>\n\n\n\n<li><a href=\"https:\/\/www.letelegramme.fr\/cotes-d-armor\/saint-brieuc-22000\/spancinemaspan-court-metrage-curry-beurre-sale-2282519.php\">https:\/\/www.letelegramme.fr\/cotes-d-armor\/saint-brieuc-22000\/spancinemaspan-court-metrage-curry-beurre-sale-2282519.php<\/a><\/li>\n\n\n\n<li><a href=\"https:\/\/www.letelegramme.fr\/cotes-d-armor\/saint-thelo-22460\/spanecole-sainte-annespan-projet-avec-samuel-jarry-1810341.php\">https:\/\/www.letelegramme.fr\/cotes-d-armor\/saint-thelo-22460\/spanecole-sainte-annespan-projet-avec-samuel-jarry-1810341.php<\/a><\/li>\n\n\n\n<li><a href=\"https:\/\/www.letelegramme.fr\/cotes-d-armor\/saint-thelo-22460\/spanecole-sainte-annespan-realisation-dun-film-1968215.php\">https:\/\/www.letelegramme.fr\/cotes-d-armor\/saint-thelo-22460\/spanecole-sainte-annespan-realisation-dun-film-1968215.php<\/a><\/li>\n<\/ul>\n\n\n\n<p><\/p>\n","protected":false},"excerpt":{"rendered":"<p>Les articles suivants se rapportent \u00e0 des projets et ateliers de cin\u00e9ma d&rsquo;animation en stop motion coordonn\u00e9s par Samuel Jarry A propos du projet avec le Coll\u00e8ge Beaumanoir de Plo\u00ebrmel Atelier et f\u00eate du court m\u00e9trage \u00e0 Brusvily A propos du film avec Itin\u00e9rance et les enfants des voyageurs A propos du film avec l&rsquo;\u00e9cole [&hellip;]<\/p>\n","protected":false},"author":3,"featured_media":0,"parent":0,"menu_order":0,"comment_status":"closed","ping_status":"closed","template":"","meta":{"footnotes":""},"class_list":["post-656","page","type-page","status-publish","hentry"],"_links":{"self":[{"href":"https:\/\/www.horschamp-animation.com\/index.php\/wp-json\/wp\/v2\/pages\/656","targetHints":{"allow":["GET"]}}],"collection":[{"href":"https:\/\/www.horschamp-animation.com\/index.php\/wp-json\/wp\/v2\/pages"}],"about":[{"href":"https:\/\/www.horschamp-animation.com\/index.php\/wp-json\/wp\/v2\/types\/page"}],"author":[{"embeddable":true,"href":"https:\/\/www.horschamp-animation.com\/index.php\/wp-json\/wp\/v2\/users\/3"}],"replies":[{"embeddable":true,"href":"https:\/\/www.horschamp-animation.com\/index.php\/wp-json\/wp\/v2\/comments?post=656"}],"version-history":[{"count":5,"href":"https:\/\/www.horschamp-animation.com\/index.php\/wp-json\/wp\/v2\/pages\/656\/revisions"}],"predecessor-version":[{"id":664,"href":"https:\/\/www.horschamp-animation.com\/index.php\/wp-json\/wp\/v2\/pages\/656\/revisions\/664"}],"wp:attachment":[{"href":"https:\/\/www.horschamp-animation.com\/index.php\/wp-json\/wp\/v2\/media?parent=656"}],"curies":[{"name":"wp","href":"https:\/\/api.w.org\/{rel}","templated":true}]}}