{"id":394,"date":"2026-02-23T22:01:21","date_gmt":"2026-02-23T21:01:21","guid":{"rendered":"http:\/\/www.horschamp-animation.com\/?page_id=394"},"modified":"2026-02-24T12:36:52","modified_gmt":"2026-02-24T11:36:52","slug":"partenaires-2","status":"publish","type":"page","link":"https:\/\/www.horschamp-animation.com\/index.php\/partenaires-2\/","title":{"rendered":"Ils nous ont fait confiance"},"content":{"rendered":"\n<h3 class=\"wp-block-heading\">Au fil des ann\u00e9es sur les nombreuses actions que nous avons men\u00e9es<\/h3>\n\n\n\n<ul class=\"wp-block-list\">\n<li>Conseil d\u00e9partemental des C\u00f4tes d&rsquo;Armor<\/li>\n\n\n\n<li>Conseil d\u00e9partemental du Morbihan<\/li>\n\n\n\n<li>DAAC Bretagne<\/li>\n\n\n\n<li>PASS Culture<\/li>\n\n\n\n<li>Lamballe Terre et Mer<\/li>\n\n\n\n<li>Dinan Agglo<\/li>\n\n\n\n<li>Mairie de Dinan<\/li>\n\n\n\n<li>Commune de Brusvily<\/li>\n\n\n\n<li>L&rsquo;Archipel de Utopies<\/li>\n\n\n\n<li>Coll\u00e8ge Beaumanoir \u00e0 Plo\u00ebrmel<\/li>\n\n\n\n<li>\u00c9cole Saint Joseph de Ploeuc sur Li\u00e9<\/li>\n\n\n\n<li>\u00c9cole Sainte Anne de Saint Th\u00e9lo<\/li>\n\n\n\n<li>\u00c9cole publique des Fontaines, Dinan<\/li>\n\n\n\n<li>\u00c9cole Publique la Ruche \u00e0 Dinan<\/li>\n\n\n\n<li>\u00c9cole primaire publique d&rsquo;Henansal<\/li>\n\n\n\n<li>\u00c9cole de musiques et de danse du Penthi\u00e8vre<\/li>\n\n\n\n<li>\u00c9cole publique de Pluzunet<\/li>\n\n\n\n<li>Amicale la\u00efque de Pluzunet<\/li>\n\n\n\n<li>Ecole bilingue de Louargat<\/li>\n\n\n\n<li>Amicale la\u00efque de Louargat<\/li>\n\n\n\n<li>Biblioth\u00e8que de Dinan<\/li>\n\n\n\n<li>L&rsquo;Eprouvette<\/li>\n\n\n\n<li>Le Chien qui Lit<\/li>\n\n\n\n<li>Le Lieu Jaune<\/li>\n\n\n\n<li>la Bicoque \/ Redon<\/li>\n\n\n\n<li>Biblioth\u00e8que de Milli\u00e8res<\/li>\n\n\n\n<li>M\u00e9diat\u00e8que de Lessay<\/li>\n\n\n\n<li>Itin\u00e9rance<\/li>\n\n\n\n<li>DDCS<\/li>\n\n\n\n<li>CAF des C\u00f4tes d&rsquo;Armor<\/li>\n\n\n\n<li>Alliance fran\u00e7aise de Pondich\u00e9ry<\/li>\n\n\n\n<li>\u00c9cole fran\u00e7aise de Karikal<\/li>\n\n\n\n<li>Marudam Farm School<\/li>\n\n\n\n<li>M\u00e9diath\u00e8que de Pl\u00e9rin<\/li>\n\n\n\n<li>P\u00f4le culturel le Patio<\/li>\n\n\n\n<li>Mairie d&rsquo;Yffiniac<\/li>\n\n\n\n<li>Foyer d&rsquo;accueil m\u00e9dicalis\u00e9 les Rainettes<\/li>\n<\/ul>\n","protected":false},"excerpt":{"rendered":"<p>Au fil des ann\u00e9es sur les nombreuses actions que nous avons men\u00e9es<\/p>\n","protected":false},"author":3,"featured_media":0,"parent":0,"menu_order":0,"comment_status":"closed","ping_status":"closed","template":"","meta":{"footnotes":""},"class_list":["post-394","page","type-page","status-publish","hentry"],"_links":{"self":[{"href":"https:\/\/www.horschamp-animation.com\/index.php\/wp-json\/wp\/v2\/pages\/394","targetHints":{"allow":["GET"]}}],"collection":[{"href":"https:\/\/www.horschamp-animation.com\/index.php\/wp-json\/wp\/v2\/pages"}],"about":[{"href":"https:\/\/www.horschamp-animation.com\/index.php\/wp-json\/wp\/v2\/types\/page"}],"author":[{"embeddable":true,"href":"https:\/\/www.horschamp-animation.com\/index.php\/wp-json\/wp\/v2\/users\/3"}],"replies":[{"embeddable":true,"href":"https:\/\/www.horschamp-animation.com\/index.php\/wp-json\/wp\/v2\/comments?post=394"}],"version-history":[{"count":7,"href":"https:\/\/www.horschamp-animation.com\/index.php\/wp-json\/wp\/v2\/pages\/394\/revisions"}],"predecessor-version":[{"id":457,"href":"https:\/\/www.horschamp-animation.com\/index.php\/wp-json\/wp\/v2\/pages\/394\/revisions\/457"}],"wp:attachment":[{"href":"https:\/\/www.horschamp-animation.com\/index.php\/wp-json\/wp\/v2\/media?parent=394"}],"curies":[{"name":"wp","href":"https:\/\/api.w.org\/{rel}","templated":true}]}}