{"id":385,"date":"2026-02-23T21:31:53","date_gmt":"2026-02-23T20:31:53","guid":{"rendered":"http:\/\/www.horschamp-animation.com\/?page_id=385"},"modified":"2026-02-26T17:13:52","modified_gmt":"2026-02-26T16:13:52","slug":"cinema-danimation","status":"publish","type":"page","link":"https:\/\/www.horschamp-animation.com\/index.php\/cinema-danimation\/","title":{"rendered":"Cin\u00e9ma d&rsquo;animation"},"content":{"rendered":"\n<p>Nous avons men\u00e9 de nombreux projets autour du cin\u00e9ma d&rsquo;animation avec des \u00e9coles, coll\u00e8ge, m\u00e9diath\u00e8ques&#8230; (voir \u00ab\u00a0ils nous ont fait confiance\u00a0\u00bb).<\/p>\n\n\n\n<div class=\"wp-block-buttons is-content-justification-center is-layout-flex wp-container-core-buttons-is-layout-16018d1d wp-block-buttons-is-layout-flex\">\n<div class=\"wp-block-button\"><a class=\"wp-block-button__link wp-element-button\" href=\"https:\/\/www.horschamp-animation.com\/index.php\/category\/cinema-danimation\/\">voir les r\u00e9alisations<\/a><\/div>\n\n\n\n<div class=\"wp-block-button\"><a class=\"wp-block-button__link wp-element-button\">&gt; les partenaires<\/a><\/div>\n<\/div>\n\n\n\n<h2 class=\"wp-block-heading\">Objectifs p\u00e9dagogiques<\/h2>\n\n\n\n<p>Les objectifs p\u00e9dagogiques d&rsquo;un projet de film d&rsquo;animation (et de making of) sont multiples. Ils d\u00e9pendent du contexte et du public. On peut tout de m\u00eame citer entre autres :<\/p>\n\n\n\n<div class=\"wp-block-columns is-layout-flex wp-container-core-columns-is-layout-9d6595d7 wp-block-columns-is-layout-flex\">\n<div class=\"wp-block-column is-vertically-aligned-center is-layout-flow wp-block-column-is-layout-flow\" style=\"flex-basis:33.33%\"><div class=\"wp-block-image\">\n<figure class=\"aligncenter size-large\"><img loading=\"lazy\" decoding=\"async\" width=\"683\" height=\"1024\" src=\"http:\/\/www.horschamp-animation.com\/wp-content\/uploads\/2026\/02\/IMG_1005-683x1024.jpg\" alt=\"\" class=\"wp-image-424\" srcset=\"https:\/\/www.horschamp-animation.com\/wp-content\/uploads\/2026\/02\/IMG_1005-683x1024.jpg 683w, https:\/\/www.horschamp-animation.com\/wp-content\/uploads\/2026\/02\/IMG_1005-200x300.jpg 200w, https:\/\/www.horschamp-animation.com\/wp-content\/uploads\/2026\/02\/IMG_1005-768x1152.jpg 768w, https:\/\/www.horschamp-animation.com\/wp-content\/uploads\/2026\/02\/IMG_1005-1024x1536.jpg 1024w, https:\/\/www.horschamp-animation.com\/wp-content\/uploads\/2026\/02\/IMG_1005-1365x2048.jpg 1365w, https:\/\/www.horschamp-animation.com\/wp-content\/uploads\/2026\/02\/IMG_1005-816x1224.jpg 816w, https:\/\/www.horschamp-animation.com\/wp-content\/uploads\/2026\/02\/IMG_1005-scaled.jpg 1707w\" sizes=\"auto, (max-width: 683px) 100vw, 683px\" \/><\/figure>\n<\/div><\/div>\n\n\n\n<div class=\"wp-block-column is-vertically-aligned-center is-layout-flow wp-block-column-is-layout-flow\" style=\"flex-basis:66.66%\">\n<ul class=\"wp-block-list\">\n<li>D\u00e9velopper la <strong>cr\u00e9ativit\u00e9 et l\u2019expression artistique<\/strong><\/li>\n\n\n\n<li>favoriser l\u2019<strong>expression orale et \u00e9crite<\/strong><\/li>\n\n\n\n<li>Renforcer les <strong>comp\u00e9tences cognitives<\/strong> et scolaires<\/li>\n\n\n\n<li>Favoriser la <strong>coop\u00e9ration<\/strong> et les <strong>comp\u00e9tences sociales<\/strong><\/li>\n\n\n\n<li>Stimuler la <strong>motivation et l\u2019autonomie<\/strong><\/li>\n\n\n\n<li>D\u00e9velopper les <strong>comp\u00e9tences num\u00e9riques<\/strong> et m\u00e9diatiques<\/li>\n\n\n\n<li>D\u00e9velopper des <strong>comp\u00e9tences transversales<\/strong><\/li>\n\n\n\n<li>Encourager <strong>l\u2019engagement et la r\u00e9flexion citoyenne<\/strong><\/li>\n\n\n\n<li>&#8230;<\/li>\n<\/ul>\n\n\n\n<p class=\"has-text-align-justify has-text-align-justify\">C&rsquo;est \u00e9galement un excellent outil <strong>d&rsquo;\u00e9ducation \u00e0 l&rsquo;image<\/strong> et au langage, et qui donne <strong>un r\u00e9sultat concret \u00e0 partager et valoriser.<\/strong><\/p>\n<\/div>\n\n\n\n<div class=\"wp-block-column is-layout-flow wp-block-column-is-layout-flow\"><\/div>\n<\/div>\n\n\n\n<h2 class=\"wp-block-heading\">Mise en place<\/h2>\n\n\n\n<ul class=\"wp-block-list\">\n<li>Dur\u00e9e : d&rsquo;une demi journ\u00e9e \u00e0 1 ann\u00e9e scolaire<\/li>\n\n\n\n<li>Public : enfants \u00e0 partir de 5 ans, ados, adultes<\/li>\n\n\n\n<li>Effectif : adaptable en fonction du projet (de 6 \u00e0 240 participants)<\/li>\n<\/ul>\n\n\n\n<h2 class=\"wp-block-heading\"><strong>D\u00e9roulement<\/strong><\/h2>\n\n\n\n<p>Chaque projet est diff\u00e9rent en termes de dur\u00e9e, d&rsquo;effectif, de tranche d&rsquo;\u00e2ge, d&rsquo;objectifs p\u00e9dagogiques. Le d\u00e9roul\u00e9 global est g\u00e9n\u00e9ralement le suivant :<\/p>\n\n\n\n<ul class=\"wp-block-list\">\n<li>\u00c9criture du sc\u00e9nario<\/li>\n\n\n\n<li>Cr\u00e9ation des d\u00e9cors et personnages<\/li>\n\n\n\n<li>Story Board<\/li>\n\n\n\n<li>Tournage<\/li>\n\n\n\n<li>Enregistrement des dialogues et musique<\/li>\n\n\n\n<li>Montage<\/li>\n<\/ul>\n\n\n\n<h2 class=\"wp-block-heading\">Restitutions<\/h2>\n\n\n\n<p><strong>Chaque projet donne lieu \u00e0 restitution par projection publique. <\/strong><\/p>\n\n\n\n<p>Possibilit\u00e9 de gravage de DVD pro, et de cr\u00e9ation d&rsquo;un livre illustr\u00e9 sur la base des images du film.<\/p>\n\n\n\n<div class=\"wp-block-buttons is-content-justification-center is-layout-flex wp-container-core-buttons-is-layout-16018d1d wp-block-buttons-is-layout-flex\">\n<div class=\"wp-block-button\"><a class=\"wp-block-button__link wp-element-button\" href=\"https:\/\/www.horschamp-animation.com\/index.php\/category\/cinema-danimation\/\">voir les r\u00e9alisations<\/a><\/div>\n\n\n\n<div class=\"wp-block-button\"><a class=\"wp-block-button__link wp-element-button\">&gt; les partenaires<\/a><\/div>\n<\/div>\n\n\n\n<div class=\"wp-block-buttons is-content-justification-center is-layout-flex wp-container-core-buttons-is-layout-16018d1d wp-block-buttons-is-layout-flex\">\n<div class=\"wp-block-button\"><a class=\"wp-block-button__link wp-element-button\" href=\"https:\/\/www.horschamp-animation.com\/index.php\/contact\/\">nous contacter<\/a><\/div>\n<\/div>\n\n\n\n<p><\/p>\n","protected":false},"excerpt":{"rendered":"<p>Nous avons men\u00e9 de nombreux projets autour du cin\u00e9ma d&rsquo;animation avec des \u00e9coles, coll\u00e8ge, m\u00e9diath\u00e8ques&#8230; (voir \u00ab\u00a0ils nous ont fait confiance\u00a0\u00bb). Objectifs p\u00e9dagogiques Les objectifs p\u00e9dagogiques d&rsquo;un projet de film d&rsquo;animation (et de making of) sont multiples. Ils d\u00e9pendent du contexte et du public. On peut tout de m\u00eame citer entre autres : C&rsquo;est \u00e9galement [&hellip;]<\/p>\n","protected":false},"author":3,"featured_media":0,"parent":0,"menu_order":0,"comment_status":"closed","ping_status":"closed","template":"","meta":{"footnotes":""},"class_list":["post-385","page","type-page","status-publish","hentry"],"_links":{"self":[{"href":"https:\/\/www.horschamp-animation.com\/index.php\/wp-json\/wp\/v2\/pages\/385","targetHints":{"allow":["GET"]}}],"collection":[{"href":"https:\/\/www.horschamp-animation.com\/index.php\/wp-json\/wp\/v2\/pages"}],"about":[{"href":"https:\/\/www.horschamp-animation.com\/index.php\/wp-json\/wp\/v2\/types\/page"}],"author":[{"embeddable":true,"href":"https:\/\/www.horschamp-animation.com\/index.php\/wp-json\/wp\/v2\/users\/3"}],"replies":[{"embeddable":true,"href":"https:\/\/www.horschamp-animation.com\/index.php\/wp-json\/wp\/v2\/comments?post=385"}],"version-history":[{"count":27,"href":"https:\/\/www.horschamp-animation.com\/index.php\/wp-json\/wp\/v2\/pages\/385\/revisions"}],"predecessor-version":[{"id":642,"href":"https:\/\/www.horschamp-animation.com\/index.php\/wp-json\/wp\/v2\/pages\/385\/revisions\/642"}],"wp:attachment":[{"href":"https:\/\/www.horschamp-animation.com\/index.php\/wp-json\/wp\/v2\/media?parent=385"}],"curies":[{"name":"wp","href":"https:\/\/api.w.org\/{rel}","templated":true}]}}