{"id":383,"date":"2026-02-23T21:31:41","date_gmt":"2026-02-23T20:31:41","guid":{"rendered":"http:\/\/www.horschamp-animation.com\/?page_id=383"},"modified":"2026-02-26T17:15:13","modified_gmt":"2026-02-26T16:15:13","slug":"scenes-ouvertes","status":"publish","type":"page","link":"https:\/\/www.horschamp-animation.com\/index.php\/scenes-ouvertes\/","title":{"rendered":"Sc\u00e8nes ouvertes"},"content":{"rendered":"\n<div class=\"wp-block-columns is-layout-flex wp-container-core-columns-is-layout-9d6595d7 wp-block-columns-is-layout-flex\">\n<div class=\"wp-block-column is-layout-flow wp-block-column-is-layout-flow\" style=\"flex-basis:33.33%\">\n<figure class=\"wp-block-gallery alignright has-nested-images columns-default is-cropped wp-block-gallery-1 is-layout-flex wp-block-gallery-is-layout-flex\">\n<figure class=\"wp-block-image size-large\"><img loading=\"lazy\" decoding=\"async\" width=\"768\" height=\"1024\" data-id=\"504\" src=\"http:\/\/www.horschamp-animation.com\/wp-content\/uploads\/2026\/02\/20260131_203204-768x1024.jpg\" alt=\"\" class=\"wp-image-504\" srcset=\"https:\/\/www.horschamp-animation.com\/wp-content\/uploads\/2026\/02\/20260131_203204-768x1024.jpg 768w, https:\/\/www.horschamp-animation.com\/wp-content\/uploads\/2026\/02\/20260131_203204-225x300.jpg 225w, https:\/\/www.horschamp-animation.com\/wp-content\/uploads\/2026\/02\/20260131_203204-1152x1536.jpg 1152w, https:\/\/www.horschamp-animation.com\/wp-content\/uploads\/2026\/02\/20260131_203204-1536x2048.jpg 1536w, https:\/\/www.horschamp-animation.com\/wp-content\/uploads\/2026\/02\/20260131_203204-816x1088.jpg 816w, https:\/\/www.horschamp-animation.com\/wp-content\/uploads\/2026\/02\/20260131_203204-scaled.jpg 1920w\" sizes=\"auto, (max-width: 768px) 100vw, 768px\" \/><\/figure>\n<\/figure>\n<\/div>\n\n\n\n<div class=\"wp-block-column is-layout-flow wp-block-column-is-layout-flow\" style=\"flex-basis:66.66%\">\n<p class=\"has-text-align-justify has-text-align-justify\">C\u2019est un moment de partage o\u00f9 chacun peut venir dire un texte sur sc\u00e8ne, avec ou sans musique. Tout est possible, tant que le texte est dit \u00e0 voix haute et \u00e9crit par soi-m\u00eame.<\/p>\n\n\n\n<p class=\"has-text-align-justify has-text-align-justify\">Pas de comp\u00e9tition, pas de jugement, juste l\u2019envie de dire, d\u2019\u00e9couter, de vibrer ensemble. La sc\u00e8ne est ouverte \u00e0 tous les \u00e2ges, tous les styles, toutes les \u00e9motions, dans le respect du public et des participants.<\/p>\n\n\n\n<p class=\"has-text-align-justify has-text-align-justify\">C\u2019est un outil puissant pour valoriser la cr\u00e9ativit\u00e9, renforcer la confiance en soi, et cr\u00e9er du lien entre des personnes d\u2019horizons parfois tr\u00e8s diff\u00e9rents.<\/p>\n\n\n\n<p class=\"has-text-align-justify has-text-align-justify\"><strong><em>Venez avec vos mots, repartez avec ceux des autres.<\/em><\/strong><\/p>\n<\/div>\n<\/div>\n\n\n\n<p class=\"has-text-align-justify has-text-align-justify\">Les sc\u00e8nes ouvertes sont souvent propos\u00e9es en compl\u00e9ment d&rsquo;un atelier d&rsquo;\u00e9criture, et\/ou d&rsquo;un spectacle de slam ou de chanson.<\/p>\n\n\n\n<p><\/p>\n\n\n\n<div class=\"wp-block-buttons is-content-justification-center is-layout-flex wp-container-core-buttons-is-layout-16018d1d wp-block-buttons-is-layout-flex\">\n<div class=\"wp-block-button\"><a class=\"wp-block-button__link wp-element-button\" href=\"https:\/\/www.horschamp-animation.com\/index.php\/contact\/\">nous contacter<\/a><\/div>\n<\/div>\n","protected":false},"excerpt":{"rendered":"<p>C\u2019est un moment de partage o\u00f9 chacun peut venir dire un texte sur sc\u00e8ne, avec ou sans musique. Tout est possible, tant que le texte est dit \u00e0 voix haute et \u00e9crit par soi-m\u00eame. Pas de comp\u00e9tition, pas de jugement, juste l\u2019envie de dire, d\u2019\u00e9couter, de vibrer ensemble. La sc\u00e8ne est ouverte \u00e0 tous les [&hellip;]<\/p>\n","protected":false},"author":3,"featured_media":0,"parent":0,"menu_order":0,"comment_status":"closed","ping_status":"closed","template":"","meta":{"footnotes":""},"class_list":["post-383","page","type-page","status-publish","hentry"],"_links":{"self":[{"href":"https:\/\/www.horschamp-animation.com\/index.php\/wp-json\/wp\/v2\/pages\/383","targetHints":{"allow":["GET"]}}],"collection":[{"href":"https:\/\/www.horschamp-animation.com\/index.php\/wp-json\/wp\/v2\/pages"}],"about":[{"href":"https:\/\/www.horschamp-animation.com\/index.php\/wp-json\/wp\/v2\/types\/page"}],"author":[{"embeddable":true,"href":"https:\/\/www.horschamp-animation.com\/index.php\/wp-json\/wp\/v2\/users\/3"}],"replies":[{"embeddable":true,"href":"https:\/\/www.horschamp-animation.com\/index.php\/wp-json\/wp\/v2\/comments?post=383"}],"version-history":[{"count":16,"href":"https:\/\/www.horschamp-animation.com\/index.php\/wp-json\/wp\/v2\/pages\/383\/revisions"}],"predecessor-version":[{"id":643,"href":"https:\/\/www.horschamp-animation.com\/index.php\/wp-json\/wp\/v2\/pages\/383\/revisions\/643"}],"wp:attachment":[{"href":"https:\/\/www.horschamp-animation.com\/index.php\/wp-json\/wp\/v2\/media?parent=383"}],"curies":[{"name":"wp","href":"https:\/\/api.w.org\/{rel}","templated":true}]}}