{"id":381,"date":"2026-02-23T21:31:31","date_gmt":"2026-02-23T20:31:31","guid":{"rendered":"http:\/\/www.horschamp-animation.com\/?page_id=381"},"modified":"2026-02-27T11:33:26","modified_gmt":"2026-02-27T10:33:26","slug":"ecriture","status":"publish","type":"page","link":"https:\/\/www.horschamp-animation.com\/index.php\/ecriture\/","title":{"rendered":"Ateliers d&rsquo;\u00e9criture cr\u00e9ative"},"content":{"rendered":"\n<p>Un atelier d\u2019\u00e9criture cr\u00e9ative est un espace pour stimuler l\u2019imagination et oser \u00e9crire librement.<br>Quel que soit le contexte et l&rsquo;\u00e2ge des participants, il permet de (re)d\u00e9couvrir le plaisir des mots dans un cadre ludique et bienveillant..<\/p>\n\n\n\n<p><\/p>\n\n\n\n<div class=\"wp-block-columns is-layout-flex wp-container-core-columns-is-layout-9d6595d7 wp-block-columns-is-layout-flex\">\n<div class=\"wp-block-column is-vertically-aligned-center is-layout-flow wp-block-column-is-layout-flow\">\n<figure class=\"wp-block-image size-large\"><img loading=\"lazy\" decoding=\"async\" width=\"1024\" height=\"768\" src=\"http:\/\/www.horschamp-animation.com\/wp-content\/uploads\/2026\/02\/20260117_115027-1-1024x768.jpg\" alt=\"\" class=\"wp-image-421\" srcset=\"https:\/\/www.horschamp-animation.com\/wp-content\/uploads\/2026\/02\/20260117_115027-1-1024x768.jpg 1024w, https:\/\/www.horschamp-animation.com\/wp-content\/uploads\/2026\/02\/20260117_115027-1-300x225.jpg 300w, https:\/\/www.horschamp-animation.com\/wp-content\/uploads\/2026\/02\/20260117_115027-1-768x576.jpg 768w, https:\/\/www.horschamp-animation.com\/wp-content\/uploads\/2026\/02\/20260117_115027-1-1536x1152.jpg 1536w, https:\/\/www.horschamp-animation.com\/wp-content\/uploads\/2026\/02\/20260117_115027-1-2048x1536.jpg 2048w, https:\/\/www.horschamp-animation.com\/wp-content\/uploads\/2026\/02\/20260117_115027-1-816x612.jpg 816w\" sizes=\"auto, (max-width: 1024px) 100vw, 1024px\" \/><\/figure>\n<\/div>\n\n\n\n<div class=\"wp-block-column is-vertically-aligned-center is-layout-flow wp-block-column-is-layout-flow\">\n<p><br>Des propositions d&rsquo;\u00e9criture vari\u00e9es emm\u00e8nent les participant(e)s vers des territoires nouveaux.<\/p>\n\n\n\n<p>Chacun chacune structure, affirme sa voix, dans le style qui lui est propre, dans le respect et parfois la transgression des consignes.<\/p>\n\n\n\n<p>Un espace de restitution permet de partager sa cr\u00e9ation, d&rsquo;\u00e9couter la voix des autres.<\/p>\n\n\n\n<p>C&rsquo;est un moment de d\u00e9tente, de recentrage, un esapce pour cr\u00e9er, s&rsquo;exprimer et prendre confiance, avec des outils que nous connaissons topus : les mots.<\/p>\n<\/div>\n<\/div>\n\n\n\n<p>Enfants, ados, adultes, personnes en situation de handicap&#8230; Les ateliers s&rsquo;adaptent \u00e0 leurs participant(e)s pour les inviter \u00e0 se d\u00e9couvrir dans une exp\u00e9rience individuelle et collective nouvelle et enrichissante.<\/p>\n\n\n\n<p><\/p>\n\n\n\n<div class=\"wp-block-buttons is-content-justification-center is-layout-flex wp-container-core-buttons-is-layout-16018d1d wp-block-buttons-is-layout-flex\">\n<div class=\"wp-block-button\"><a class=\"wp-block-button__link wp-element-button\" href=\"https:\/\/www.horschamp-animation.com\/index.php\/contact\/\">nous contacter<\/a><\/div>\n<\/div>\n","protected":false},"excerpt":{"rendered":"<p>Un atelier d\u2019\u00e9criture cr\u00e9ative est un espace pour stimuler l\u2019imagination et oser \u00e9crire librement.Quel que soit le contexte et l&rsquo;\u00e2ge des participants, il permet de (re)d\u00e9couvrir le plaisir des mots dans un cadre ludique et bienveillant.. Des propositions d&rsquo;\u00e9criture vari\u00e9es emm\u00e8nent les participant(e)s vers des territoires nouveaux. Chacun chacune structure, affirme sa voix, dans le [&hellip;]<\/p>\n","protected":false},"author":3,"featured_media":0,"parent":0,"menu_order":0,"comment_status":"closed","ping_status":"closed","template":"","meta":{"footnotes":""},"class_list":["post-381","page","type-page","status-publish","hentry"],"_links":{"self":[{"href":"https:\/\/www.horschamp-animation.com\/index.php\/wp-json\/wp\/v2\/pages\/381","targetHints":{"allow":["GET"]}}],"collection":[{"href":"https:\/\/www.horschamp-animation.com\/index.php\/wp-json\/wp\/v2\/pages"}],"about":[{"href":"https:\/\/www.horschamp-animation.com\/index.php\/wp-json\/wp\/v2\/types\/page"}],"author":[{"embeddable":true,"href":"https:\/\/www.horschamp-animation.com\/index.php\/wp-json\/wp\/v2\/users\/3"}],"replies":[{"embeddable":true,"href":"https:\/\/www.horschamp-animation.com\/index.php\/wp-json\/wp\/v2\/comments?post=381"}],"version-history":[{"count":9,"href":"https:\/\/www.horschamp-animation.com\/index.php\/wp-json\/wp\/v2\/pages\/381\/revisions"}],"predecessor-version":[{"id":645,"href":"https:\/\/www.horschamp-animation.com\/index.php\/wp-json\/wp\/v2\/pages\/381\/revisions\/645"}],"wp:attachment":[{"href":"https:\/\/www.horschamp-animation.com\/index.php\/wp-json\/wp\/v2\/media?parent=381"}],"curies":[{"name":"wp","href":"https:\/\/api.w.org\/{rel}","templated":true}]}}