{"id":367,"date":"2026-02-23T21:29:38","date_gmt":"2026-02-23T20:29:38","guid":{"rendered":"http:\/\/www.horschamp-animation.com\/?page_id=367"},"modified":"2026-02-26T16:52:34","modified_gmt":"2026-02-26T15:52:34","slug":"historique","status":"publish","type":"page","link":"https:\/\/www.horschamp-animation.com\/index.php\/historique\/","title":{"rendered":"Historique"},"content":{"rendered":"\n<h3 class=\"wp-block-heading\">Sous d&rsquo;autres \u00e9toiles<\/h3>\n\n\n\n<p>L&rsquo;association Hors Champ a \u00e9t\u00e9 cr\u00e9\u00e9e en 2013 pour soutenir un projet artistique transnational r\u00e9unissant l&rsquo;\u00e9cole Sainte Anne de Saint Th\u00e9lo et l&rsquo;\u00e9cole \u00e9l\u00e9mentaire de Karikal (Inde du Sud) sur la r\u00e9alisation d&rsquo;un film d&rsquo;animation commun.<\/p>\n\n\n\n<div class=\"wp-block-buttons is-content-justification-center is-layout-flex wp-container-core-buttons-is-layout-16018d1d wp-block-buttons-is-layout-flex\">\n<div class=\"wp-block-button\"><a class=\"wp-block-button__link wp-element-button\">&gt; plus de d\u00e9tails sur ce projet<\/a><\/div>\n<\/div>\n\n\n\n<figure class=\"wp-block-image size-full is-resized\"><img loading=\"lazy\" decoding=\"async\" width=\"672\" height=\"372\" src=\"https:\/\/www.horschamp-animation.com\/wp-content\/uploads\/2015\/06\/sdae.jpg\" alt=\"\" class=\"wp-image-69\" style=\"width:800px\" srcset=\"https:\/\/www.horschamp-animation.com\/wp-content\/uploads\/2015\/06\/sdae.jpg 672w, https:\/\/www.horschamp-animation.com\/wp-content\/uploads\/2015\/06\/sdae-300x166.jpg 300w\" sizes=\"auto, (max-width: 672px) 100vw, 672px\" \/><\/figure>\n\n\n\n<p>De nombreux intervenants ont contribu\u00e9 \u00e0 mener \u00e0 bien ce projet, qui s&rsquo;est poursuivi sur deux ann\u00e9es scolaires, avec le soutien du conseil g\u00e9n\u00e9ral des C\u00f4tes d&rsquo;Armor et de l&rsquo;Archipel des Utopies.<\/p>\n\n\n\n<figure class=\"wp-block-image size-large is-resized\"><img loading=\"lazy\" decoding=\"async\" width=\"1024\" height=\"683\" src=\"https:\/\/www.horschamp-animation.com\/wp-content\/uploads\/2026\/02\/IMG_1132-1024x683.jpg\" alt=\"\" class=\"wp-image-575\" style=\"width:800px\" srcset=\"https:\/\/www.horschamp-animation.com\/wp-content\/uploads\/2026\/02\/IMG_1132-1024x683.jpg 1024w, https:\/\/www.horschamp-animation.com\/wp-content\/uploads\/2026\/02\/IMG_1132-300x200.jpg 300w, https:\/\/www.horschamp-animation.com\/wp-content\/uploads\/2026\/02\/IMG_1132-768x512.jpg 768w, https:\/\/www.horschamp-animation.com\/wp-content\/uploads\/2026\/02\/IMG_1132-1536x1024.jpg 1536w, https:\/\/www.horschamp-animation.com\/wp-content\/uploads\/2026\/02\/IMG_1132-2048x1365.jpg 2048w, https:\/\/www.horschamp-animation.com\/wp-content\/uploads\/2026\/02\/IMG_1132-816x544.jpg 816w\" sizes=\"auto, (max-width: 1024px) 100vw, 1024px\" \/><\/figure>\n\n\n\n<p>Samuel Jarry, r\u00e9alisateur de cin\u00e9ma d&rsquo;animation et Olivier Colin, vid\u00e9aste, ont fait plusieurs allers retour pour r\u00e9aliser le film et son making of, qui ont \u00e9t\u00e9 projet\u00e9s en salle \u00e0 Saint Brieuc, Pondichery en pr\u00e9sence des \u00e9l\u00e8ves ayant particip\u00e9 au projet. et dans plusieurs festivals.<\/p>\n\n\n\n<h3 class=\"wp-block-heading\">Des projets anim\u00e9s<\/h3>\n\n\n\n<p>La machine \u00e9tait lanc\u00e9e. De nombreux projets ont suivi autour du cin\u00e9ma d&rsquo;animation. Avec des \u00e9coles, des m\u00e9diath\u00e8ques, et des intervenants marionnettistes, musiciens, plasticiens&#8230;<\/p>\n\n\n\n<div class=\"wp-block-cover\"><img loading=\"lazy\" decoding=\"async\" width=\"2106\" height=\"946\" class=\"wp-block-cover__image-background wp-image-572 size-full\" alt=\"\" src=\"https:\/\/www.horschamp-animation.com\/wp-content\/uploads\/2026\/02\/Sans-titre-2-copie.jpg\" data-object-fit=\"cover\" srcset=\"https:\/\/www.horschamp-animation.com\/wp-content\/uploads\/2026\/02\/Sans-titre-2-copie.jpg 2106w, https:\/\/www.horschamp-animation.com\/wp-content\/uploads\/2026\/02\/Sans-titre-2-copie-300x135.jpg 300w, https:\/\/www.horschamp-animation.com\/wp-content\/uploads\/2026\/02\/Sans-titre-2-copie-1024x460.jpg 1024w, https:\/\/www.horschamp-animation.com\/wp-content\/uploads\/2026\/02\/Sans-titre-2-copie-768x345.jpg 768w, https:\/\/www.horschamp-animation.com\/wp-content\/uploads\/2026\/02\/Sans-titre-2-copie-1536x690.jpg 1536w, https:\/\/www.horschamp-animation.com\/wp-content\/uploads\/2026\/02\/Sans-titre-2-copie-2048x920.jpg 2048w, https:\/\/www.horschamp-animation.com\/wp-content\/uploads\/2026\/02\/Sans-titre-2-copie-816x367.jpg 816w\" sizes=\"auto, (max-width: 2106px) 100vw, 2106px\" \/><span aria-hidden=\"true\" class=\"wp-block-cover__background has-background-dim\"><\/span><div class=\"wp-block-cover__inner-container is-layout-flow wp-block-cover-is-layout-flow\">\n<div class=\"wp-block-buttons is-content-justification-center is-layout-flex wp-container-core-buttons-is-layout-16018d1d wp-block-buttons-is-layout-flex\">\n<div class=\"wp-block-button\"><a class=\"wp-block-button__link wp-element-button\">Voir les r\u00e9alisations<\/a><\/div>\n<\/div>\n\n\n\n<p class=\"has-text-align-center has-large-font-size\"><\/p>\n\n\n\n<div class=\"wp-block-buttons is-content-justification-center is-layout-flex wp-container-core-buttons-is-layout-16018d1d wp-block-buttons-is-layout-flex\">\n<div class=\"wp-block-button\"><a class=\"wp-block-button__link wp-element-button\" href=\"https:\/\/www.horschamp-animation.com\/index.php\/partenaires-2\/\">&gt; les partenaires<\/a><\/div>\n<\/div>\n<\/div><\/div>\n\n\n\n<div style=\"height:40px\" aria-hidden=\"true\" class=\"wp-block-spacer\"><\/div>\n\n\n\n<h3 class=\"wp-block-heading\">Autour de l&rsquo;\u00e9criture<\/h3>\n\n\n\n<div class=\"wp-block-columns is-layout-flex wp-container-core-columns-is-layout-9d6595d7 wp-block-columns-is-layout-flex\">\n<div class=\"wp-block-column is-vertically-aligned-center is-layout-flow wp-block-column-is-layout-flow\" style=\"flex-basis:33.33%\">\n<figure class=\"wp-block-image size-large\"><img loading=\"lazy\" decoding=\"async\" width=\"1024\" height=\"768\" src=\"http:\/\/www.horschamp-animation.com\/wp-content\/uploads\/2026\/02\/20251108_180635-1024x768.jpg\" alt=\"\" class=\"wp-image-496\" srcset=\"https:\/\/www.horschamp-animation.com\/wp-content\/uploads\/2026\/02\/20251108_180635-1024x768.jpg 1024w, https:\/\/www.horschamp-animation.com\/wp-content\/uploads\/2026\/02\/20251108_180635-300x225.jpg 300w, https:\/\/www.horschamp-animation.com\/wp-content\/uploads\/2026\/02\/20251108_180635-768x576.jpg 768w, https:\/\/www.horschamp-animation.com\/wp-content\/uploads\/2026\/02\/20251108_180635-1536x1152.jpg 1536w, https:\/\/www.horschamp-animation.com\/wp-content\/uploads\/2026\/02\/20251108_180635-2048x1536.jpg 2048w, https:\/\/www.horschamp-animation.com\/wp-content\/uploads\/2026\/02\/20251108_180635-816x612.jpg 816w\" sizes=\"auto, (max-width: 1024px) 100vw, 1024px\" \/><\/figure>\n<\/div>\n\n\n\n<div class=\"wp-block-column is-vertically-aligned-center is-layout-flow wp-block-column-is-layout-flow\" style=\"flex-basis:66.66%\">\n<p class=\"has-text-align-left\">Depuis quelques ann\u00e9es, nous proposons \u00e9galement l&rsquo;animation d&rsquo;ateliers d&rsquo;\u00e9criture cr\u00e9ative et de sc\u00e8nes ouvertes de po\u00e9sie parl\u00e9e (slam), avec toujours la volont\u00e9 de mettre en avant des activit\u00e9s collectives et ludiques permettant d&rsquo;enrichir notre cr\u00e9ativit\u00e9 et de mieux appr\u00e9hender le monde qui nous entoure.<\/p>\n<\/div>\n<\/div>\n\n\n\n<div class=\"wp-block-buttons is-content-justification-center is-layout-flex wp-container-core-buttons-is-layout-16018d1d wp-block-buttons-is-layout-flex\">\n<div class=\"wp-block-button\"><a class=\"wp-block-button__link wp-element-button\" href=\"https:\/\/www.horschamp-animation.com\/index.php\/ecriture\/\">&gt; Plus d&rsquo;infos sur les ateliers<\/a><\/div>\n<\/div>\n\n\n\n<div class=\"wp-block-buttons is-content-justification-center is-layout-flex wp-container-core-buttons-is-layout-16018d1d wp-block-buttons-is-layout-flex\">\n<div class=\"wp-block-button\"><a class=\"wp-block-button__link wp-element-button\" href=\"https:\/\/www.horschamp-animation.com\/index.php\/contact\/\">nous contacter<\/a><\/div>\n<\/div>\n\n\n\n<p><\/p>\n","protected":false},"excerpt":{"rendered":"<p>Sous d&rsquo;autres \u00e9toiles L&rsquo;association Hors Champ a \u00e9t\u00e9 cr\u00e9\u00e9e en 2013 pour soutenir un projet artistique transnational r\u00e9unissant l&rsquo;\u00e9cole Sainte Anne de Saint Th\u00e9lo et l&rsquo;\u00e9cole \u00e9l\u00e9mentaire de Karikal (Inde du Sud) sur la r\u00e9alisation d&rsquo;un film d&rsquo;animation commun. De nombreux intervenants ont contribu\u00e9 \u00e0 mener \u00e0 bien ce projet, qui s&rsquo;est poursuivi sur deux [&hellip;]<\/p>\n","protected":false},"author":3,"featured_media":0,"parent":0,"menu_order":0,"comment_status":"closed","ping_status":"closed","template":"","meta":{"footnotes":""},"class_list":["post-367","page","type-page","status-publish","hentry"],"_links":{"self":[{"href":"https:\/\/www.horschamp-animation.com\/index.php\/wp-json\/wp\/v2\/pages\/367","targetHints":{"allow":["GET"]}}],"collection":[{"href":"https:\/\/www.horschamp-animation.com\/index.php\/wp-json\/wp\/v2\/pages"}],"about":[{"href":"https:\/\/www.horschamp-animation.com\/index.php\/wp-json\/wp\/v2\/types\/page"}],"author":[{"embeddable":true,"href":"https:\/\/www.horschamp-animation.com\/index.php\/wp-json\/wp\/v2\/users\/3"}],"replies":[{"embeddable":true,"href":"https:\/\/www.horschamp-animation.com\/index.php\/wp-json\/wp\/v2\/comments?post=367"}],"version-history":[{"count":27,"href":"https:\/\/www.horschamp-animation.com\/index.php\/wp-json\/wp\/v2\/pages\/367\/revisions"}],"predecessor-version":[{"id":634,"href":"https:\/\/www.horschamp-animation.com\/index.php\/wp-json\/wp\/v2\/pages\/367\/revisions\/634"}],"wp:attachment":[{"href":"https:\/\/www.horschamp-animation.com\/index.php\/wp-json\/wp\/v2\/media?parent=367"}],"curies":[{"name":"wp","href":"https:\/\/api.w.org\/{rel}","templated":true}]}}