{"id":232,"date":"2019-01-12T17:24:46","date_gmt":"2019-01-12T16:24:46","guid":{"rendered":"http:\/\/www.horschamp-animation.com\/?page_id=232"},"modified":"2021-11-30T21:50:33","modified_gmt":"2021-11-30T20:50:33","slug":"119-2-2","status":"publish","type":"page","link":"https:\/\/www.horschamp-animation.com\/index.php\/119-2-2\/","title":{"rendered":""},"content":{"rendered":"<p>Depuis 2012, l&rsquo;association Hors-Champ produit et r\u00e9alise des films d&rsquo;animation en faisant travailler conjointement des professionnels\u00a0 de l&rsquo;image anim\u00e9e et du spectacle vivant, et des publics non professionnels.<\/p>\n<p>Ces projets artistique collaboratifs\u00a0incluent g\u00e9n\u00e9ralement l&rsquo;\u00e9criture d&rsquo;une histoire, la cr\u00e9ation des personnages et des d\u00e9cors, le tournage, la cr\u00e9ation et l&rsquo;enregistrements des pistes sonores &#8230;<\/p>\n<p>Nous proposons des formats diff\u00e9rents et des techniques vari\u00e9es adapt\u00e9es \u00e0 tous typrs de publics.<\/p>\n<p><a href=\"http:\/\/www.horschamp-animation.com\/wp-content\/uploads\/2015\/06\/editoclipart.jpg\"><img loading=\"lazy\" decoding=\"async\" class=\"alignnone size-large wp-image-82\" src=\"http:\/\/www.horschamp-animation.com\/wp-content\/uploads\/2015\/06\/editoclipart.jpg?w=723\" alt=\"Editoclipart\" width=\"723\" height=\"362\" srcset=\"https:\/\/www.horschamp-animation.com\/wp-content\/uploads\/2015\/06\/editoclipart.jpg 1000w, https:\/\/www.horschamp-animation.com\/wp-content\/uploads\/2015\/06\/editoclipart-300x150.jpg 300w, https:\/\/www.horschamp-animation.com\/wp-content\/uploads\/2015\/06\/editoclipart-768x384.jpg 768w\" sizes=\"auto, (max-width: 723px) 100vw, 723px\" \/><\/a><\/p>\n<p>Les projets, organis\u00e9s autour de la cr\u00e9ation d&rsquo;un film d&rsquo;animation, peuvent \u00e9galement comprendre l&rsquo;adaptation en livre de cet objet filmique, la production et la r\u00e9alisation d&rsquo;un making of, la restitution sous forme de spectacle vivant. Nous restons ouverts \u00e0 toute forme d&rsquo;expression artistique.<\/p>\n<p>La dur\u00e9e et l&rsquo;\u00e9tendue du public concern\u00e9 sont tr\u00e8s variables, selon les projets.<\/p>\n<p>Les objets filmiques et artistiques r\u00e9alis\u00e9s en commun donnent enusite lieu \u00e0 diffusion publique, plus ou moins large selon le contexte.<\/p>\n<p>Nos intervenants sont des professionnels ( marionnettistes, musiciens, r\u00e9alisateur de dessin anim\u00e9&#8230; ) habitu\u00e9s \u00e0 encadrer des ateliers.<\/p>\n<p>Vous pouvez visionner la plupart des travaux r\u00e9alis\u00e9s dans la rubrique \u00ab\u00a0restitutions\u00a0\u00bb. Certains ont donn\u00e9 lieu \u00e0 projection publique, gravure de DVD, d\u00e9clinaison sous forme de livre illustr\u00e9.<\/p>\n<p>Pour en (sa)voir plus sur le d\u00e9roulement des projets, vous pouvez \u00e9galement visionner les \u00ab\u00a0making of\u00a0\u00bb des diff\u00e9rents projets r\u00e9alis\u00e9s \u00e0 ce jour, \u00e9galement dans la rubrique \u00ab\u00a0restitutions\u00a0\u00bb.<\/p>\n<p>N&rsquo;h\u00e9sitez pas \u00e0 nous contacter si vous souhaitez mettre en place un projet de m\u00eame nature, et \u00e0 laisser un commentaire sur le site si les travaux pr\u00e9sent\u00e9s vous inspirent.<\/p>\n<p>&nbsp;<\/p>\n<div id=\"mailtorapidetoPopupModal\" style=\"z-index: 1;\">\n<div id=\"mailtorapidemailTo\">\n<div id=\"mailtorapidecloseMailModalToPopup\"><\/div>\n<div id=\"mailtorapidequestionPopupMail\">What do you want to do ?<\/div>\n<p><a id=\"mailtorapideopenButtonAppEmailNew\"><\/a>New mail<button id=\"mailtorapideemailClipboardButton\">Copy<\/button><textarea id=\"mailtorapidetextToSelect\"><\/textarea><\/p>\n<\/div>\n<\/div>\n<div><img \/><\/div>\n","protected":false},"excerpt":{"rendered":"<p>Depuis 2012, l&rsquo;association Hors-Champ produit et r\u00e9alise des films d&rsquo;animation en faisant travailler conjointement des professionnels\u00a0 de l&rsquo;image anim\u00e9e et du spectacle vivant, et des publics non professionnels. Ces projets artistique collaboratifs\u00a0incluent g\u00e9n\u00e9ralement l&rsquo;\u00e9criture d&rsquo;une histoire, la cr\u00e9ation des personnages et des d\u00e9cors, le tournage, la cr\u00e9ation et l&rsquo;enregistrements des pistes sonores &#8230; Nous proposons [&hellip;]<\/p>\n","protected":false},"author":3,"featured_media":0,"parent":0,"menu_order":0,"comment_status":"closed","ping_status":"closed","template":"","meta":{"footnotes":""},"class_list":["post-232","page","type-page","status-publish","hentry"],"_links":{"self":[{"href":"https:\/\/www.horschamp-animation.com\/index.php\/wp-json\/wp\/v2\/pages\/232","targetHints":{"allow":["GET"]}}],"collection":[{"href":"https:\/\/www.horschamp-animation.com\/index.php\/wp-json\/wp\/v2\/pages"}],"about":[{"href":"https:\/\/www.horschamp-animation.com\/index.php\/wp-json\/wp\/v2\/types\/page"}],"author":[{"embeddable":true,"href":"https:\/\/www.horschamp-animation.com\/index.php\/wp-json\/wp\/v2\/users\/3"}],"replies":[{"embeddable":true,"href":"https:\/\/www.horschamp-animation.com\/index.php\/wp-json\/wp\/v2\/comments?post=232"}],"version-history":[{"count":6,"href":"https:\/\/www.horschamp-animation.com\/index.php\/wp-json\/wp\/v2\/pages\/232\/revisions"}],"predecessor-version":[{"id":325,"href":"https:\/\/www.horschamp-animation.com\/index.php\/wp-json\/wp\/v2\/pages\/232\/revisions\/325"}],"wp:attachment":[{"href":"https:\/\/www.horschamp-animation.com\/index.php\/wp-json\/wp\/v2\/media?parent=232"}],"curies":[{"name":"wp","href":"https:\/\/api.w.org\/{rel}","templated":true}]}}