{"id":219,"date":"2018-07-03T15:56:41","date_gmt":"2018-07-03T13:56:41","guid":{"rendered":"http:\/\/www.horschamp-animation.com\/?page_id=219"},"modified":"2018-07-03T15:56:41","modified_gmt":"2018-07-03T13:56:41","slug":"questionnaire","status":"publish","type":"page","link":"https:\/\/www.horschamp-animation.com\/index.php\/questionnaire\/","title":{"rendered":"Questionnaire"},"content":{"rendered":"\n<div class=\"wpcf7 no-js\" id=\"wpcf7-f218-o1\" lang=\"fr-FR\" dir=\"ltr\" data-wpcf7-id=\"218\">\n<div class=\"screen-reader-response\"><p role=\"status\" aria-live=\"polite\" aria-atomic=\"true\"><\/p> <ul><\/ul><\/div>\n<form action=\"\/index.php\/wp-json\/wp\/v2\/pages\/219#wpcf7-f218-o1\" method=\"post\" class=\"wpcf7-form init\" aria-label=\"Formulaire de contact\" novalidate=\"novalidate\" data-status=\"init\">\n<fieldset class=\"hidden-fields-container\"><input type=\"hidden\" name=\"_wpcf7\" value=\"218\" \/><input type=\"hidden\" name=\"_wpcf7_version\" value=\"6.1.5\" \/><input type=\"hidden\" name=\"_wpcf7_locale\" value=\"fr_FR\" \/><input type=\"hidden\" name=\"_wpcf7_unit_tag\" value=\"wpcf7-f218-o1\" \/><input type=\"hidden\" name=\"_wpcf7_container_post\" value=\"0\" \/><input type=\"hidden\" name=\"_wpcf7_posted_data_hash\" value=\"\" \/>\n<\/fieldset>\n<p>Merci de prendre quelques minutes pour r\u00e9pondre \u00e0 ces quelques questions et nous permettre d'am\u00e9liorer encore les ateliers que nous proposons.<br \/>\nVos commentaires et propositions sur la pr\u00e9paration, le suivi, les intervenants, la restitution, l'aspect p\u00e9dagogique et\/ou artistique sont les bienvenus.\n<\/p>\n<p><label>Pouvez-vous r\u00e9sumer bri\u00e8vement en quoi consistait votre projet ?<br \/>\n<span class=\"wpcf7-form-control-wrap\" data-name=\"nature_projet\"><textarea cols=\"40\" rows=\"10\" maxlength=\"2000\" class=\"wpcf7-form-control wpcf7-textarea wpcf7-validates-as-required\" aria-required=\"true\" aria-invalid=\"false\" name=\"nature_projet\"><\/textarea><\/span> <\/label>\n<\/p>\n<p><label>Quel \u00e9tait le public concern\u00e9 ?<br \/>\n<span class=\"wpcf7-form-control-wrap\" data-name=\"public\"><input size=\"40\" maxlength=\"400\" class=\"wpcf7-form-control wpcf7-text wpcf7-validates-as-required\" aria-required=\"true\" aria-invalid=\"false\" value=\"\" type=\"text\" name=\"public\" \/><\/span> <\/label>\n<\/p>\n<p><label>Quels \u00e9taient vos objectifs en mettant en place ce projet ?<br \/>\n<span class=\"wpcf7-form-control-wrap\" data-name=\"objectifs\"><textarea cols=\"40\" rows=\"10\" maxlength=\"2000\" class=\"wpcf7-form-control wpcf7-textarea wpcf7-validates-as-required\" aria-required=\"true\" aria-invalid=\"false\" name=\"objectifs\"><\/textarea><\/span> <\/label>\n<\/p>\n<p><label>Le d\u00e9roulement du projet a-t-il r\u00e9pondu \u00e0 vos attentes ?<br \/>\n<span class=\"wpcf7-form-control-wrap\" data-name=\"attentes_ok\"><input size=\"40\" maxlength=\"400\" class=\"wpcf7-form-control wpcf7-text wpcf7-validates-as-required\" aria-required=\"true\" aria-invalid=\"false\" value=\"\" type=\"text\" name=\"attentes_ok\" \/><\/span> <\/label>\n<\/p>\n<p><label>Comment le public concern\u00e9 a-t-il v\u00e9cu ce projet ?<br \/>\n<span class=\"wpcf7-form-control-wrap\" data-name=\"vecu_public\"><textarea cols=\"40\" rows=\"10\" maxlength=\"2000\" class=\"wpcf7-form-control wpcf7-textarea wpcf7-validates-as-required\" aria-required=\"true\" aria-invalid=\"false\" name=\"vecu_public\"><\/textarea><\/span> <\/label>\n<\/p>\n<p><label>Quels acquis en a-t-il retir\u00e9s ?<br \/>\n<span class=\"wpcf7-form-control-wrap\" data-name=\"acquis_public\"><textarea cols=\"40\" rows=\"10\" maxlength=\"2000\" class=\"wpcf7-form-control wpcf7-textarea\" aria-invalid=\"false\" name=\"acquis_public\"><\/textarea><\/span> <\/label>\n<\/p>\n<p><label>Sous quelle(s) forme(s) le projet a-t-il \u00e9t\u00e9 restitu\u00e9 ?<br \/>\n<span class=\"wpcf7-form-control-wrap\" data-name=\"forme_restitution\"><textarea cols=\"40\" rows=\"10\" maxlength=\"2000\" class=\"wpcf7-form-control wpcf7-textarea\" aria-invalid=\"false\" name=\"forme_restitution\"><\/textarea><\/span> <\/label>\n<\/p>\n<p><label>Pouvez-vous dire quelques mots sur cette restitution ?<br \/>\n<span class=\"wpcf7-form-control-wrap\" data-name=\"descr_restitution\"><textarea cols=\"40\" rows=\"10\" maxlength=\"2000\" class=\"wpcf7-form-control wpcf7-textarea\" aria-invalid=\"false\" name=\"descr_restitution\"><\/textarea><\/span> <\/label>\n<\/p>\n<p><label>Quelle est votre appr\u00e9ciation g\u00e9n\u00e9rale sur le d\u00e9roulement du projet ?<br \/>\n<span class=\"wpcf7-form-control-wrap\" data-name=\"deroulement_projet\"><textarea cols=\"40\" rows=\"10\" maxlength=\"2000\" class=\"wpcf7-form-control wpcf7-textarea wpcf7-validates-as-required\" aria-required=\"true\" aria-invalid=\"false\" name=\"deroulement_projet\"><\/textarea><\/span> <\/label>\n<\/p>\n<p><label>Ses points forts ?<br \/>\n<span class=\"wpcf7-form-control-wrap\" data-name=\"points_forts\"><textarea cols=\"40\" rows=\"10\" maxlength=\"2000\" class=\"wpcf7-form-control wpcf7-textarea\" aria-invalid=\"false\" name=\"points_forts\"><\/textarea><\/span> <\/label>\n<\/p>\n<p><label>Ses points faibles ?<br \/>\n<span class=\"wpcf7-form-control-wrap\" data-name=\"points_faibles\"><textarea cols=\"40\" rows=\"10\" maxlength=\"2000\" class=\"wpcf7-form-control wpcf7-textarea\" aria-invalid=\"false\" name=\"points_faibles\"><\/textarea><\/span> <\/label>\n<\/p>\n<p><label>Envisagez vous \u00e0 l'avenir de retravailler avec Hors-Champ ?<br \/>\n<span class=\"wpcf7-form-control-wrap\" data-name=\"avenir\"><input size=\"40\" maxlength=\"400\" class=\"wpcf7-form-control wpcf7-text\" aria-invalid=\"false\" value=\"\" type=\"text\" name=\"avenir\" \/><\/span> <\/label>\n<\/p>\n<p><label>Avez-vous des suggestions \u00e0 nous faire sur le d\u00e9roulement des projets ?<br \/>\n<span class=\"wpcf7-form-control-wrap\" data-name=\"suggestions\"><textarea cols=\"40\" rows=\"10\" maxlength=\"2000\" class=\"wpcf7-form-control wpcf7-textarea\" aria-invalid=\"false\" name=\"suggestions\"><\/textarea><\/span> <\/label>\n<\/p>\n<p><label>Souhaitez-vous ajouter quelque chose ?<br \/>\n<span class=\"wpcf7-form-control-wrap\" data-name=\"ajout\"><textarea cols=\"40\" rows=\"10\" maxlength=\"2000\" class=\"wpcf7-form-control wpcf7-textarea\" aria-invalid=\"false\" name=\"ajout\"><\/textarea><\/span> <\/label>\n<\/p>\n<p>Merci de nous pr\u00e9ciser qui vous \u00eates :\n<\/p>\n<p><label> Votre nom<br \/>\n<span class=\"wpcf7-form-control-wrap\" data-name=\"votre_nom\"><input size=\"40\" maxlength=\"400\" class=\"wpcf7-form-control wpcf7-text\" aria-invalid=\"false\" value=\"\" type=\"text\" name=\"votre_nom\" \/><\/span> <\/label>\n<\/p>\n<p><label> Votre adresse mail<br \/>\n<span class=\"wpcf7-form-control-wrap\" data-name=\"votre_mail\"><input size=\"40\" maxlength=\"400\" class=\"wpcf7-form-control wpcf7-text\" aria-invalid=\"false\" value=\"\" type=\"text\" name=\"votre_mail\" \/><\/span> <\/label>\n<\/p>\n<p><label> La structure concern\u00e9e<br \/>\n<span class=\"wpcf7-form-control-wrap\" data-name=\"structure\"><input size=\"40\" maxlength=\"400\" class=\"wpcf7-form-control wpcf7-text\" aria-invalid=\"false\" value=\"\" type=\"text\" name=\"structure\" \/><\/span> <\/label>\n<\/p>\n<p><label> Votre r\u00f4le dans la structure<br \/>\n<span class=\"wpcf7-form-control-wrap\" data-name=\"role\"><input size=\"40\" maxlength=\"400\" class=\"wpcf7-form-control wpcf7-text\" aria-invalid=\"false\" value=\"\" type=\"text\" name=\"role\" \/><\/span> <\/label>\n<\/p>\n<p><label> Acceptez-vous que nous publions une partie de vos commentaires sur notre site internet sous forme de t\u00e9moignages ?<\/label><br \/>\n<span class=\"wpcf7-form-control-wrap\" data-name=\"publi_com\"><span class=\"wpcf7-form-control wpcf7-radio\"><span class=\"wpcf7-list-item first\"><span class=\"wpcf7-list-item-label\">oui<\/span><input type=\"radio\" name=\"publi_com\" value=\"oui\" checked=\"checked\" \/><\/span><span class=\"wpcf7-list-item last\"><span class=\"wpcf7-list-item-label\">non<\/span><input type=\"radio\" name=\"publi_com\" value=\"non\" \/><\/span><\/span><\/span>\n<\/p>\n<p><label> Si oui, accepteriez-vous que nous citions votre nom et celui de la structure pour laquelle vous travaillez ? <\/label><br \/>\n<span class=\"wpcf7-form-control-wrap\" data-name=\"publi_noms\"><span class=\"wpcf7-form-control wpcf7-radio\"><span class=\"wpcf7-list-item first\"><span class=\"wpcf7-list-item-label\">oui<\/span><input type=\"radio\" name=\"publi_noms\" value=\"oui\" checked=\"checked\" \/><\/span><span class=\"wpcf7-list-item last\"><span class=\"wpcf7-list-item-label\">non<\/span><input type=\"radio\" name=\"publi_noms\" value=\"non\" \/><\/span><\/span><\/span>\n<\/p>\n<p><input class=\"wpcf7-form-control wpcf7-submit has-spinner\" type=\"submit\" value=\"Envoyer\" \/>\n<\/p><div class=\"wpcf7-response-output\" aria-hidden=\"true\"><\/div>\n<\/form>\n<\/div>\n\n","protected":false},"excerpt":{"rendered":"","protected":false},"author":2,"featured_media":0,"parent":0,"menu_order":0,"comment_status":"closed","ping_status":"closed","template":"","meta":{"footnotes":""},"class_list":["post-219","page","type-page","status-publish","hentry"],"_links":{"self":[{"href":"https:\/\/www.horschamp-animation.com\/index.php\/wp-json\/wp\/v2\/pages\/219","targetHints":{"allow":["GET"]}}],"collection":[{"href":"https:\/\/www.horschamp-animation.com\/index.php\/wp-json\/wp\/v2\/pages"}],"about":[{"href":"https:\/\/www.horschamp-animation.com\/index.php\/wp-json\/wp\/v2\/types\/page"}],"author":[{"embeddable":true,"href":"https:\/\/www.horschamp-animation.com\/index.php\/wp-json\/wp\/v2\/users\/2"}],"replies":[{"embeddable":true,"href":"https:\/\/www.horschamp-animation.com\/index.php\/wp-json\/wp\/v2\/comments?post=219"}],"version-history":[{"count":2,"href":"https:\/\/www.horschamp-animation.com\/index.php\/wp-json\/wp\/v2\/pages\/219\/revisions"}],"predecessor-version":[{"id":363,"href":"https:\/\/www.horschamp-animation.com\/index.php\/wp-json\/wp\/v2\/pages\/219\/revisions\/363"}],"wp:attachment":[{"href":"https:\/\/www.horschamp-animation.com\/index.php\/wp-json\/wp\/v2\/media?parent=219"}],"curies":[{"name":"wp","href":"https:\/\/api.w.org\/{rel}","templated":true}]}}