{"id":119,"date":"2016-09-04T20:58:20","date_gmt":"2016-09-04T19:58:20","guid":{"rendered":"https:\/\/horschamp22.wordpress.com\/?page_id=119"},"modified":"2026-02-26T16:49:56","modified_gmt":"2026-02-26T15:49:56","slug":"119-2","status":"publish","type":"page","link":"https:\/\/www.horschamp-animation.com\/","title":{"rendered":"Des projets avant tout ludiques et collaboratifs"},"content":{"rendered":"\n<p>Implant\u00e9e en Bretagne depuis 2013, notre association se consacre \u00e0 <strong>la cr\u00e9ation artistique et \u00e0 l\u2019\u00e9ducation culturelle<\/strong>, en proposant des activit\u00e9s adapt\u00e9es \u00e0 diff\u00e9rents publics :<\/p>\n\n\n\n<div class=\"wp-block-columns is-layout-flex wp-container-core-columns-is-layout-9d6595d7 wp-block-columns-is-layout-flex\">\n<div class=\"wp-block-column is-vertically-aligned-center is-layout-flow wp-block-column-is-layout-flow\" style=\"flex-basis:33.33%\">\n<figure class=\"wp-block-image size-large is-style-default\"><img loading=\"lazy\" decoding=\"async\" width=\"1024\" height=\"683\" src=\"http:\/\/www.horschamp-animation.com\/wp-content\/uploads\/2026\/02\/IMG_1080-1024x683.jpg\" alt=\"\" class=\"wp-image-494\" srcset=\"https:\/\/www.horschamp-animation.com\/wp-content\/uploads\/2026\/02\/IMG_1080-1024x683.jpg 1024w, https:\/\/www.horschamp-animation.com\/wp-content\/uploads\/2026\/02\/IMG_1080-300x200.jpg 300w, https:\/\/www.horschamp-animation.com\/wp-content\/uploads\/2026\/02\/IMG_1080-768x512.jpg 768w, https:\/\/www.horschamp-animation.com\/wp-content\/uploads\/2026\/02\/IMG_1080-1536x1024.jpg 1536w, https:\/\/www.horschamp-animation.com\/wp-content\/uploads\/2026\/02\/IMG_1080-2048x1365.jpg 2048w, https:\/\/www.horschamp-animation.com\/wp-content\/uploads\/2026\/02\/IMG_1080-816x544.jpg 816w\" sizes=\"auto, (max-width: 1024px) 100vw, 1024px\" \/><\/figure>\n\n\n\n<div style=\"height:10px\" aria-hidden=\"true\" class=\"wp-block-spacer\"><\/div>\n\n\n\n<figure class=\"wp-block-image size-large\"><img loading=\"lazy\" decoding=\"async\" width=\"1024\" height=\"869\" src=\"http:\/\/www.horschamp-animation.com\/wp-content\/uploads\/2026\/02\/IMG-20251012-WA0003-e1771950384969-1024x869.jpg\" alt=\"\" class=\"wp-image-509\" srcset=\"https:\/\/www.horschamp-animation.com\/wp-content\/uploads\/2026\/02\/IMG-20251012-WA0003-e1771950384969-1024x869.jpg 1024w, https:\/\/www.horschamp-animation.com\/wp-content\/uploads\/2026\/02\/IMG-20251012-WA0003-e1771950384969-300x255.jpg 300w, https:\/\/www.horschamp-animation.com\/wp-content\/uploads\/2026\/02\/IMG-20251012-WA0003-e1771950384969-768x652.jpg 768w, https:\/\/www.horschamp-animation.com\/wp-content\/uploads\/2026\/02\/IMG-20251012-WA0003-e1771950384969-816x693.jpg 816w, https:\/\/www.horschamp-animation.com\/wp-content\/uploads\/2026\/02\/IMG-20251012-WA0003-e1771950384969.jpg 1186w\" sizes=\"auto, (max-width: 1024px) 100vw, 1024px\" \/><\/figure>\n\n\n\n<div style=\"height:10px\" aria-hidden=\"true\" class=\"wp-block-spacer\"><\/div>\n\n\n\n<figure class=\"wp-block-image size-large\"><img loading=\"lazy\" decoding=\"async\" width=\"1024\" height=\"768\" src=\"http:\/\/www.horschamp-animation.com\/wp-content\/uploads\/2026\/02\/20251108_180635-1024x768.jpg\" alt=\"\" class=\"wp-image-496\" srcset=\"https:\/\/www.horschamp-animation.com\/wp-content\/uploads\/2026\/02\/20251108_180635-1024x768.jpg 1024w, https:\/\/www.horschamp-animation.com\/wp-content\/uploads\/2026\/02\/20251108_180635-300x225.jpg 300w, https:\/\/www.horschamp-animation.com\/wp-content\/uploads\/2026\/02\/20251108_180635-768x576.jpg 768w, https:\/\/www.horschamp-animation.com\/wp-content\/uploads\/2026\/02\/20251108_180635-1536x1152.jpg 1536w, https:\/\/www.horschamp-animation.com\/wp-content\/uploads\/2026\/02\/20251108_180635-2048x1536.jpg 2048w, https:\/\/www.horschamp-animation.com\/wp-content\/uploads\/2026\/02\/20251108_180635-816x612.jpg 816w\" sizes=\"auto, (max-width: 1024px) 100vw, 1024px\" \/><\/figure>\n<\/div>\n\n\n\n<div class=\"wp-block-column is-vertically-aligned-center is-layout-flow wp-block-column-is-layout-flow\" style=\"flex-basis:66.66%\">\n<ul class=\"wp-block-list\">\n<li><strong>Montage de projets artistiques et p\u00e9dagogiques autour des films d\u2019animation<\/strong> : destin\u00e9s aux scolaires et aux jeunes, ces projets permettent de d\u00e9couvrir par la pratique toutes les \u00e9tapes de la r\u00e9alisation d\u2019un film d\u2019animation. Un formidable outil collabfatif qui permet d&rsquo;acqu\u00e9rir des comp\u00e9tences dans de nombreux domaines tout en valorisant la cr\u00e9ativit\u00e9 et l&rsquo;image de soif.<br><br><\/li>\n\n\n\n<li><strong>Ateliers d\u2019\u00e9criture<\/strong> : ouverts \u00e0 tous les publics, ils offrent un espace d\u2019expression cr\u00e9ative accessible \u00e0 toutes et tous dans un esprit ludique et bienveillant.<br><br><\/li>\n\n\n\n<li><strong>Sc\u00e8nes ouvertes<\/strong> : prolongement logique des ateliers d&rsquo;\u00e9criture, elles permettent \u00e0 ceux et celles qui le souhaitent de partager leurs mots et leurs \u00e9motions dans un espace et un temps donn\u00e9s<br><br><\/li>\n\n\n\n<li><strong>Promotion d\u2019\u00e9v\u00e9nements artistiques et culturels<\/strong>\u00a0: pour valoriser la cr\u00e9ation locale et partager des exp\u00e9riences artistiques, en lien avec nos projets ou avec la vie culturelle environnante.<br><\/li>\n<\/ul>\n\n\n\n<div style=\"height:60px\" aria-hidden=\"true\" class=\"wp-block-spacer\"><\/div>\n\n\n\n<p>De mani\u00e8re g\u00e9n\u00e9rale, nos propositions reposent sur <strong>la participation, l\u2019exp\u00e9rimentation et le plaisir de cr\u00e9er<\/strong> en mode collaboratif sur un plan local, avec pour objectif de stimuler la curiosit\u00e9, la cr\u00e9ativit\u00e9 et l\u2019engagement des participants.<\/p>\n<\/div>\n<\/div>\n\n\n\n<p><\/p>\n\n\n\n<p>&nbsp;<\/p>\n","protected":false},"excerpt":{"rendered":"<p>Implant\u00e9e en Bretagne depuis 2013, notre association se consacre \u00e0 la cr\u00e9ation artistique et \u00e0 l\u2019\u00e9ducation culturelle, en proposant des activit\u00e9s adapt\u00e9es \u00e0 diff\u00e9rents publics : De mani\u00e8re g\u00e9n\u00e9rale, nos propositions reposent sur la participation, l\u2019exp\u00e9rimentation et le plaisir de cr\u00e9er en mode collaboratif sur un plan local, avec pour objectif de stimuler la curiosit\u00e9, [&hellip;]<\/p>\n","protected":false},"author":3,"featured_media":0,"parent":0,"menu_order":0,"comment_status":"closed","ping_status":"closed","template":"","meta":{"footnotes":""},"class_list":["post-119","page","type-page","status-publish","hentry"],"_links":{"self":[{"href":"https:\/\/www.horschamp-animation.com\/index.php\/wp-json\/wp\/v2\/pages\/119","targetHints":{"allow":["GET"]}}],"collection":[{"href":"https:\/\/www.horschamp-animation.com\/index.php\/wp-json\/wp\/v2\/pages"}],"about":[{"href":"https:\/\/www.horschamp-animation.com\/index.php\/wp-json\/wp\/v2\/types\/page"}],"author":[{"embeddable":true,"href":"https:\/\/www.horschamp-animation.com\/index.php\/wp-json\/wp\/v2\/users\/3"}],"replies":[{"embeddable":true,"href":"https:\/\/www.horschamp-animation.com\/index.php\/wp-json\/wp\/v2\/comments?post=119"}],"version-history":[{"count":24,"href":"https:\/\/www.horschamp-animation.com\/index.php\/wp-json\/wp\/v2\/pages\/119\/revisions"}],"predecessor-version":[{"id":631,"href":"https:\/\/www.horschamp-animation.com\/index.php\/wp-json\/wp\/v2\/pages\/119\/revisions\/631"}],"wp:attachment":[{"href":"https:\/\/www.horschamp-animation.com\/index.php\/wp-json\/wp\/v2\/media?parent=119"}],"curies":[{"name":"wp","href":"https:\/\/api.w.org\/{rel}","templated":true}]}}